{"id":2613,"date":"2021-07-13T15:42:55","date_gmt":"2021-07-13T14:42:55","guid":{"rendered":"https:\/\/registered.store\/welcome\/?page_id=2613"},"modified":"2021-12-09T02:49:34","modified_gmt":"2021-12-09T01:49:34","slug":"faq-per-partecipanti","status":"publish","type":"page","link":"https:\/\/registered.store\/welcome\/it\/faq-per-partecipanti\/","title":{"rendered":"FAQ per i Partecipanti"},"content":{"rendered":"<section class=\"kc-elm kc-css-321948 kc_row\"><div class=\"kc-row-container  kc-container\"><div class=\"kc-wrap-columns\"><div class=\"kc-elm kc-css-486177 kc_col-sm-12 kc_column kc_col-sm-12\"><div class=\"kc-col-container\"><div class=\"kc-elm kc-css-518701\" style=\"height: 40px; clear: both; width:100%;\"><\/div>\n<div class=\"kc-elm kc-css-419352 kc-title-wrap \">\n\n\t<h3 class=\"kc_title\">FAQ \/ Partecipanti<\/h3>\n<\/div>\n<div class=\"kc-elm kc-css-73735 kc-raw-code\"><div class=\"hrf-faq-list\"><article class=\"hrf-entry\" id=\"hrf-entry-2612\">\n                      <h3 class=\"hrf-title close-faq\" data-content-id=\"hrf-content-2612\"><span><\/span>Dove posso vedere le attivit\u00e0 disponibili?<\/h3>\n                     <div class=\"hrf-content\" id=\"hrf-content-2612\"><p><strong>Offriamo alla dance community un database aggiornato di attivit\u00e0<\/strong> . E\u2019 possibile esplorare per <em>categoria, stile di danza e location<\/em>. Le attiviti\u00e0 disponibili per acquisto immediato sono inserite anche in un <a href=\"https:\/\/registered.store\/it\/home\"><strong>calendario eventi<\/strong><\/a> dedicato, e occasionalmente appaiono anche nei nostri social shops su Whatsapp (+39 351 849 3910), TikTok e Facebook. \u00c8 possibile acquistare attivit\u00e0 anche tramite <strong>link condiviso dall&#8217;organizzatore.<\/strong><\/p>\n<\/div>\n                  <\/article><article class=\"hrf-entry\" id=\"hrf-entry-2616\">\n                      <h3 class=\"hrf-title close-faq\" data-content-id=\"hrf-content-2616\"><span><\/span>Siete voi gli organizzatori delle attivit\u00e0?<\/h3>\n                     <div class=\"hrf-content\" id=\"hrf-content-2616\"><p><strong>No, le attivit\u00e0 sono prodotte dagli organizzatori indicati nell&#8217;evento.<\/strong><\/p>\n<p>Le attivit\u00e0 potrebbero essere semplicemente\u00a0 inserite nel calendario (in questo caso \u00e8 possibile visitare il sito dell&#8217;organizzatore cliccando sull&#8217;attivit\u00e0 per accedere alle modalit\u00e0 di iscrizione e pagamento) oppure potrebbero essere disponibili per l&#8217;acquisto immediato (&#8220;Iscriviti Subito&#8221;) se l&#8217;organizzatore utilizza Registered\u00ae anche per la gestione di iscrizioni e pagamenti.<\/p>\n<\/div>\n                  <\/article><article class=\"hrf-entry\" id=\"hrf-entry-2617\">\n                      <h3 class=\"hrf-title close-faq\" data-content-id=\"hrf-content-2617\"><span><\/span>Come faccio a contattare chi organizza?<\/h3>\n                     <div class=\"hrf-content\" id=\"hrf-content-2617\"><p>Dopo aver completato l&#8217;acquisto dell&#8217;attivit\u00e0 attraverso il nostro sistema riceverai una <strong>email di notifica contenente i dettagli dell&#8217;iscrizione ed i contatti degli organizzatori<\/strong>.<\/p>\n<\/div>\n                  <\/article><article class=\"hrf-entry\" id=\"hrf-entry-2618\">\n                      <h3 class=\"hrf-title close-faq\" data-content-id=\"hrf-content-2618\"><span><\/span>Quanto \u00e8 sicuro acquistare su Registered?<\/h3>\n                     <div class=\"hrf-content\" id=\"hrf-content-2618\"><p>La sicurezza \u00e8 una questione prioritaria. <strong>I pagamenti sono processati attraverso il nostro partner Stripe<\/strong> utilizzando procedure KYC (Know-Your-Customer), procedure in linea con la regolamentazione PSD2 e protocolli SCA (Strong Customer Authentication).<\/p>\n<\/div>\n                  <\/article><article class=\"hrf-entry\" id=\"hrf-entry-2619\">\n                      <h3 class=\"hrf-title close-faq\" data-content-id=\"hrf-content-2619\"><span><\/span>Quali metodi di pagamento accettate?<\/h3>\n                     <div class=\"hrf-content\" id=\"hrf-content-2619\"><p>Accettiamo <strong>carte di credito, debito e prepagate del circuito Visa e Mastercard<\/strong>. Al momento accettiamo pagamenti solo attraverso carte emesse nei seguenti paesi: Austria, Belgio, Bulgaria, Cipro, Croazia, Danimarca, Estonia, Finlandia, Francia, Germania, Grecia, Irlanda, Islanda, Italia, Lettonia, Liechtenstein, Lituania, Lussemburgo, Malta, Norvegia, Paesi Bassi, Polonia, Portogallo, Regno Unito, Repubblica Ceca, Romania, Slovacchia, Slovenia, Spagna, Ungheria, Svezia, Svizzera<\/p>\n<\/div>\n                  <\/article><article class=\"hrf-entry\" id=\"hrf-entry-2620\">\n                      <h3 class=\"hrf-title close-faq\" data-content-id=\"hrf-content-2620\"><span><\/span>Posso avere una ricevuta del mio acquisto?<\/h3>\n                     <div class=\"hrf-content\" id=\"hrf-content-2620\"><p>Una volta completato un acquisto riceverai una <strong>email di notifica<\/strong> contenente i dettagli dell&#8217;attivit\u00e0 acquistata, gli importi pagati come tariffe di iscrizione e costi di servizio ed i contatti degli organizzatori.<\/p>\n<\/div>\n                  <\/article><article class=\"hrf-entry\" id=\"hrf-entry-2621\">\n                      <h3 class=\"hrf-title close-faq\" data-content-id=\"hrf-content-2621\"><span><\/span>Posso ottenere un rimborso se cambio idea?<\/h3>\n                     <div class=\"hrf-content\" id=\"hrf-content-2621\"><p>Ai sensi della lettera n), paragrafo I dell\u2019art. 59 Decreto legislativo del 06\/09\/2005 n. 206 cos\u00ec come in seguito modificato ed integrato (\u201cCodice del consumo\u201d), il diritto di recesso per coloro che rivestano la qualifica di consumatori \u00e8 espressamente escluso in relazione a contratti per la fornitura di servizi riguardanti le attivit\u00e0 del tempo libero qualora il contratto preveda una data o un periodo di esecuzione specifici. Pertanto, i Partecipanti sono consapevoli del fatto che <strong>una volta conclusa la registrazione ad una Attivit\u00e0, non sar\u00e0 possibile annullare l\u2019ordine e chiederne il rimborso<\/strong>, fatto salvo quanto diversamente previsto nelle Condizioni di partecipazione rispetto alle politiche di rimborso degli organizzatori.<\/p>\n<\/div>\n                  <\/article><article class=\"hrf-entry\" id=\"hrf-entry-2622\">\n                      <h3 class=\"hrf-title close-faq\" data-content-id=\"hrf-content-2622\"><span><\/span>Cos&#8217;\u00e8 il Costo di Servizio?<\/h3>\n                     <div class=\"hrf-content\" id=\"hrf-content-2622\"><p>Al momento del checkout Registered applica un Costo di Servizio per la gestione del servizio di iscrizione e pagamento. Il Costo di Servizio applicato \u00e8 di <strong>0,50\u20ac + 2,5% a partecipante<\/strong> sulla tariffa di iscrizione fissata dagli organizzatori dell&#8217;attivit\u00e0. <strong>Per le attivit\u00e0 gratuite non \u00e8 applicato alcun Costo di Servizio<\/strong>.<\/p>\n<\/div>\n                  <\/article><article style = \"display:block;text-align:right; font-size:11px\"><\/article><\/div><!-- HRF v 2.8.4 --><\/div><div class=\"kc-elm kc-css-323302\" style=\"height: 20px; clear: both; width:100%;\"><\/div><\/div><\/div><\/div><\/div><\/section>\n","protected":false},"excerpt":{"rendered":"","protected":false},"author":1,"featured_media":0,"parent":0,"menu_order":0,"comment_status":"closed","ping_status":"closed","template":"","meta":{"inline_featured_image":false,"_exactmetrics_skip_tracking":false,"_exactmetrics_sitenote_active":false,"_exactmetrics_sitenote_note":"","_exactmetrics_sitenote_category":0,"footnotes":""},"class_list":["post-2613","page","type-page","status-publish","hentry"],"_links":{"self":[{"href":"https:\/\/registered.store\/welcome\/wp-json\/wp\/v2\/pages\/2613","targetHints":{"allow":["GET"]}}],"collection":[{"href":"https:\/\/registered.store\/welcome\/wp-json\/wp\/v2\/pages"}],"about":[{"href":"https:\/\/registered.store\/welcome\/wp-json\/wp\/v2\/types\/page"}],"author":[{"embeddable":true,"href":"https:\/\/registered.store\/welcome\/wp-json\/wp\/v2\/users\/1"}],"replies":[{"embeddable":true,"href":"https:\/\/registered.store\/welcome\/wp-json\/wp\/v2\/comments?post=2613"}],"version-history":[{"count":3,"href":"https:\/\/registered.store\/welcome\/wp-json\/wp\/v2\/pages\/2613\/revisions"}],"predecessor-version":[{"id":2642,"href":"https:\/\/registered.store\/welcome\/wp-json\/wp\/v2\/pages\/2613\/revisions\/2642"}],"wp:attachment":[{"href":"https:\/\/registered.store\/welcome\/wp-json\/wp\/v2\/media?parent=2613"}],"curies":[{"name":"wp","href":"https:\/\/api.w.org\/{rel}","templated":true}]}}