{"id":2529,"date":"2021-07-05T16:13:31","date_gmt":"2021-07-05T15:13:31","guid":{"rendered":"https:\/\/registered.store\/welcome\/?page_id=2529"},"modified":"2021-07-06T16:39:01","modified_gmt":"2021-07-06T15:39:01","slug":"musica","status":"publish","type":"page","link":"https:\/\/registered.store\/welcome\/it\/musica\/","title":{"rendered":"Musica"},"content":{"rendered":"<section id=\"music-header\" class=\"kc-elm kc-css-10876 kc_row\"><div class=\"kc-row-container  kc-container\"><div class=\"kc-wrap-columns\"><div class=\"kc-elm kc-css-988302 kc_col-sm-6 kc_column kc_col-sm-6\"><div class=\"kc-col-container\"><div class=\"kc-elm kc-css-480361 kc-icon-wrapper\">\n\t\t<i class=\"sl-control-play\"><\/i>\n\t<\/div>\n\n<div class=\"kc-elm kc-css-940080 kc-title-wrap \">\n\n\t<h2 class=\"kc_title\">Condividi la passione per la musica e permetti a tutti di acquistare subito le tue attivit\u00e0!<\/h2>\n<\/div>\n\n<div class=\"kc-elm kc-css-728486 kc-title-wrap \">\n\n\t<h5 class=\"kc_title\">Organizza attivit\u00e0 musicali semplici da acquistare per chi vuole imparare.<\/h5>\n<\/div>\n<div class=\"kc-elm kc-css-3707\" style=\"height: 20px; clear: both; width:100%;\"><\/div>\n<div class=\"kc-elm kc-css-553171\">\n\t<a class=\"kc_button\" href=\"https:\/\/registered.store\/admin\/it\/register-promoter\" target=\"_self\" title=\"Start now\" onclick=\"\">\n\t\tInizia ora\t<\/a>\n<\/div>\n<\/div><\/div><div class=\"kc-elm kc-css-986776 kc_col-sm-6 kc_column kc_col-sm-6\"><div class=\"kc-col-container\"><\/div><\/div><\/div><\/div><\/section><section id=\"attivit%C3%A0-musicali\" class=\"kc-elm kc-css-814949 kc_row\"><div class=\"kc-row-container  kc-container\"><div class=\"kc-wrap-columns\"><div class=\"kc-elm kc-css-920225 kc_col-sm-12 kc_column kc_col-sm-12\"><div class=\"kc-col-container\">\n<div class=\"kc-elm kc-css-717052 kc-title-wrap \">\n\n\t<h2 class=\"kc_title\">Attivit\u00e0<\/h2>\n<\/div>\n<div class=\"kc-elm kc-css-368083 kc_text_block\"><p class=\"p1\" style=\"text-align: center;\">Promuovi le attivit\u00e0 partecipative pi\u00f9 diffuse nel settore musicale.<\/p>\n<\/div><div class=\"kc-elm kc-css-669730 kc_row kc_row_inner\"><div class=\"kc-elm kc-css-239654 kc_col-sm-4 kc_column_inner kc_col-sm-4\"><div class=\"kc_wrapper kc-col-inner-container\"><div class=\"kc-elm kc-css-227909 kc-feature-boxes kc-fb-layout-3\">\n\n\t<div class=\"content-icon\"><i class=\"pe-7s-users\"><\/i><\/div><div class=\"box-right\"><div class=\"content-desc\">Lezioni<\/div><\/div>\n<\/div>\n<div class=\"kc-elm kc-css-22335 kc-feature-boxes kc-fb-layout-3\">\n\n\t<div class=\"content-icon\"><i class=\"pe-7s-star\"><\/i><\/div><div class=\"box-right\"><div class=\"content-desc\">Contest<\/div><\/div>\n<\/div>\n<\/div><\/div><div class=\"kc-elm kc-css-140258 kc_col-sm-4 kc_column_inner kc_col-sm-4\"><div class=\"kc_wrapper kc-col-inner-container\"><div class=\"kc-elm kc-css-948678 kc-feature-boxes kc-fb-layout-3\">\n\n\t<div class=\"content-icon\"><i class=\"pe-7s-bookmarks\"><\/i><\/div><div class=\"box-right\"><div class=\"content-desc\">Corsi<\/div><\/div>\n<\/div>\n<div class=\"kc-elm kc-css-765735 kc-feature-boxes kc-fb-layout-3\">\n\n\t<div class=\"content-icon\"><i class=\"pe-7s-study\"><\/i><\/div><div class=\"box-right\"><div class=\"content-desc\">Masterclass<\/div><\/div>\n<\/div>\n<\/div><\/div><div class=\"kc-elm kc-css-109047 kc_col-sm-4 kc_column_inner kc_col-sm-4\"><div class=\"kc_wrapper kc-col-inner-container\"><div class=\"kc-elm kc-css-457813 kc-feature-boxes kc-fb-layout-3\">\n\n\t<div class=\"content-icon\"><i class=\"pe-7s-glasses\"><\/i><\/div><div class=\"box-right\"><div class=\"content-desc\">Laboratori<\/div><\/div>\n<\/div>\n<div class=\"kc-elm kc-css-418432 kc-feature-boxes kc-fb-layout-3\">\n\n\t<div class=\"content-icon\"><i class=\"pe-7s-date\"><\/i><\/div><div class=\"box-right\"><div class=\"content-desc\">Workshops<\/div><\/div>\n<\/div>\n<\/div><\/div><\/div><\/div><\/div><\/div><\/div><\/section><section id=\"impostazioni\" class=\"kc-elm kc-css-636172 kc_row\"><div class=\"kc-row-container  kc-container\"><div class=\"kc-wrap-columns\"><div class=\"kc-elm kc-css-648889 kc_col-sm-12 kc_column kc_col-sm-12\"><div class=\"kc-col-container\">\n<div class=\"kc-elm kc-css-726408 kc-title-wrap \">\n\n\t<h2 class=\"kc_title\">Impostazioni personalizzate<\/h2>\n<\/div>\n<div class=\"kc-elm kc-css-380822 kc_text_block\"><p style=\"text-align: center;\">Tante opzioni per personalizzare le tue attivit\u00e0 e farle acquistare in modo semplice.<\/p>\n<\/div><div class=\"kc-elm kc-css-251284 kc_row kc_row_inner\"><div class=\"kc-elm kc-css-210978 kc_col-sm-3 kc_column_inner kc_col-sm-3\"><div class=\"kc_wrapper kc-col-inner-container\"><div class=\"kc-elm kc-css-583770 kc-icon-wrapper\">\n\t\t<i class=\"icon-basic-flag2\"><\/i>\n\t<\/div>\n<div class=\"kc-elm kc-css-674859 kc_text_block\"><h5><strong>Account<\/strong><\/h5>\n<p>Inserisci dettagli e documenti della tua attivit\u00e0 professionale. Scegli le tue preferenze di pagamento per garantire transazioni sicure e indirizzare gli importi delle iscrizioni sul tuo conto.<\/p>\n<\/div><\/div><\/div><div class=\"kc-elm kc-css-820484 kc_col-sm-3 kc_column_inner kc_col-sm-3\"><div class=\"kc_wrapper kc-col-inner-container\"><div class=\"kc-elm kc-css-64201 kc-icon-wrapper\">\n\t\t<i class=\"icon-basic-calendar\"><\/i>\n\t<\/div>\n<div class=\"kc-elm kc-css-33766 kc_text_block\"><h5><strong>Info Evento<\/strong><\/h5>\n<p>Inserisci le informazioni del tuo evento: data, orario, luogo, location. Personalizza il link della pagina e condividilo per indirizzare partecipanti ai tuoi moduli di iscrizione e pagamento.<\/p>\n<\/div><\/div><\/div><div class=\"kc-elm kc-css-828585 kc_col-sm-3 kc_column_inner kc_col-sm-3\"><div class=\"kc_wrapper kc-col-inner-container\"><div class=\"kc-elm kc-css-241651 kc-icon-wrapper\">\n\t\t<i class=\"icon-basic-sheet-pencil\"><\/i>\n\t<\/div>\n<div class=\"kc-elm kc-css-369187 kc_text_block\"><h5><strong>Moduli di Iscrizione<\/strong><\/h5>\n<p>Crea tutti i moduli di iscrizione che ti occorrono in base alle opzioni di iscrizione per la tua attivit\u00e0: puoi differenziare la partecipazione, ad esempio, per categoria di et\u00e0, disciplina o livello di esperienza.<\/p>\n<\/div><\/div><\/div><div class=\"kc-elm kc-css-15990 kc_col-sm-3 kc_column_inner kc_col-sm-3\"><div class=\"kc_wrapper kc-col-inner-container\"><div class=\"kc-elm kc-css-672853 kc-icon-wrapper\">\n\t\t<i class=\"pe-7s-users\"><\/i>\n\t<\/div>\n<div class=\"kc-elm kc-css-209520 kc_text_block\"><h5><strong>Info Partecipanti<\/strong><\/h5>\n<p>Conferma le informazioni personali che vuoi ricevere dai partecipanti individuali o dai componenti di un gruppo o team. Puoi anche definire il numero minimo e massimo di componenti di un gruppo o team.<\/p>\n<\/div><\/div><\/div><\/div><div class=\"kc-elm kc-css-604579 kc_row kc_row_inner\"><div class=\"kc-elm kc-css-466555 kc_col-sm-3 kc_column_inner kc_col-sm-3\"><div class=\"kc_wrapper kc-col-inner-container\"><div class=\"kc-elm kc-css-174080 kc-icon-wrapper\">\n\t\t<i class=\"icon-basic-exclamation\"><\/i>\n\t<\/div>\n<div class=\"kc-elm kc-css-495032 kc_text_block\"><h5><strong>Requisiti di Et\u00e0<\/strong><\/h5>\n<p>Specifica i requisiti di et\u00e0 per le tue attivit\u00e0. Ad esempio puoi restringere la partecipazione ad un contest ad et\u00e0 specifiche o lasciare questo parametro aperto se non ci sono restrizioni.<\/p>\n<\/div><\/div><\/div><div class=\"kc-elm kc-css-34442 kc_col-sm-3 kc_column_inner kc_col-sm-3\"><div class=\"kc_wrapper kc-col-inner-container\"><div class=\"kc-elm kc-css-755632 kc-icon-wrapper\">\n\t\t<i class=\"icon-ecommerce-wallet\"><\/i>\n\t<\/div>\n<div class=\"kc-elm kc-css-808924 kc_text_block\"><h5><strong>Opzioni di Pagamento<\/strong><\/h5>\n<p>Richiedi una tariffa fissa a persona, offri prezzi progressivi per data o crea codici sconto per attirare partecipanti! Per gruppi e team puoi inoltre offrire una tariffa di gruppo o determinare il totale in base al numero dei componenti.<\/p>\n<\/div><\/div><\/div><div class=\"kc-elm kc-css-588587 kc_col-sm-3 kc_column_inner kc_col-sm-3\"><div class=\"kc_wrapper kc-col-inner-container\"><div class=\"kc-elm kc-css-76768 kc-icon-wrapper\">\n\t\t<i class=\"icon-basic-mail\"><\/i>\n\t<\/div>\n<div class=\"kc-elm kc-css-287890 kc_text_block\"><h5><strong>Notifiche Email<\/strong><\/h5>\n<p>Personalizza il contenuto nelle notifiche email e condividi informazioni utili con i partecipanti, come ad esempio documentazione aggiuntiva oppure il link ad un indirizzo web per partecipare ad un evento online.<\/p>\n<\/div><\/div><\/div><div class=\"kc-elm kc-css-790728 kc_col-sm-3 kc_column_inner kc_col-sm-3\"><div class=\"kc_wrapper kc-col-inner-container\"><div class=\"kc-elm kc-css-786662 kc-icon-wrapper\">\n\t\t<i class=\"icon-basic-lock\"><\/i>\n\t<\/div>\n<div class=\"kc-elm kc-css-102768 kc_text_block\"><h5><strong>Trattamento Dati<\/strong><\/h5>\n<p>I dati dei partecipanti sono sotto il tuo controllo ed il Promoter \u00e8 l\u2019unico titolare del trattamento dei dati. Registered\u00ae opera in qualit\u00e0 di elaboratore dei dati, aiutando i Promoter nella raccolta dei dati in linea con la regolamentazione GDPR.<\/p>\n<\/div><\/div><\/div><\/div><\/div><\/div><\/div><\/div><\/section><section id=\"form\" class=\"kc-elm kc-css-19159 kc_row\"><div class=\"kc-row-container  kc-container\"><div class=\"kc-wrap-columns\"><div class=\"kc-elm kc-css-909350 kc_col-sm-12 kc_column kc_col-sm-12\"><div class=\"kc-col-container\">\n<div class=\"kc-elm kc-css-236157 kc-title-wrap \">\n\n\t<h2 class=\"kc_title\">Iscrizioni semplici<\/h2>\n<\/div>\n<div class=\"kc-elm kc-css-425099 kc_text_block\"><p class=\"p1\" style=\"text-align: center;\">Moduli per iscrizioni Individuali, Gruppi e Team.<\/p>\n<\/div><div class=\"kc-elm kc-css-305198\" style=\"height: 20px; clear: both; width:100%;\"><\/div><div class=\"kc-elm kc-css-719038 kc_row kc_row_inner\"><div class=\"kc-elm kc-css-944757 kc_col-sm-6 kc_column_inner kc_col-sm-6\"><div class=\"kc_wrapper kc-col-inner-container\">\n<div class=\"kc-elm kc-css-582967 kc-pricing-tables kc-pricing-layout-4\">\n\n\t<div class=\"header-pricing\"><div class=\"content-icon-header\"><i class=\"sl-user\"><\/i><\/div><div class=\"content-title\"><div>Individuale<\/div><div class=\"content-sub-title\">Gestisci iscrizioni da parte di singoli per competizioni o attivit\u00e0 formative come classi, workshop, camp o corsi.<\/div><\/div><div class=\"kc-pricing-price\"><\/div><\/div><ul class=\"content-desc\"><li>Info Partecipante\r <\/li><li>Nickname\r <\/li><li>Info Referente\/Genitore\r <\/li><li>-\r <\/li><li>Et\u00e0 del Partecipante (min\/max)\r <\/li><li>-\r <\/li><li>Codice Fiscale\r <\/li><li>Affiliazione Sportiva\r <\/li><li>Tariffa di Iscrizione Individuale\r <\/li><li>Accetta il Regolamento\r <\/li><li>Accetta la Privacy Policy\r <\/li><li>Tariffa di iscrizione per data\r <\/li><li>Codici Sconto\r <\/li><li>Pagamenti con Visa \/ Mastercard\r <\/li><li>EUR \/ CHF \/ DKK \/ GBP \/ NOK \/ SEK\r <\/li><li>Notifiche Email personalizzate\r <\/li><li>Date di Iscrizione (inizio\/fine) <\/li><\/ul><div class=\"content-button\"><a href=\"https:\/\/registered.store\/welcome\/it\/promoter-faq\/\">Leggi le FAQ<\/a><\/div>\n<\/div>\n<\/div><\/div><div class=\"kc-elm kc-css-802392 kc_col-sm-6 kc_column_inner kc_col-sm-6\"><div class=\"kc_wrapper kc-col-inner-container\">\n<div class=\"kc-elm kc-css-559435 kc-pricing-tables kc-pricing-layout-4\">\n\n\t<div class=\"header-pricing\"><div class=\"content-icon-header\"><i class=\"sl-people\"><\/i><\/div><div class=\"content-title\"><div>Gruppi & Team<\/div><div class=\"content-sub-title\">Ottieni iscrizioni da parte di Gruppi o Team per competizioni, tornei e gare di tipo sportivo o artistico.<\/div><\/div><div class=\"kc-pricing-price\"><\/div><\/div><ul class=\"content-desc\"><li>Info dei componenti del Team\r <\/li><li>-\r <\/li><li>Info del Referente del Team\r <\/li><li>Nome del Team\r <\/li><li>Et\u00e0 dei Componenti (min\/max)\r <\/li><li>Numero dei Componenti (min\/max)\r <\/li><li>Codice Fiscale\r <\/li><li>Affiliazione Sportiva\r <\/li><li>Tariffa di Iscrizione a Persona o di Gruppo\r <\/li><li>Accetta il Regolamento\r <\/li><li>Accetta la Privacy Policy\r <\/li><li>Tariffa di iscrizione per data\r <\/li><li>Codici Sconto\r <\/li><li>Pagamenti con Visa \/ Mastercard\r <\/li><li>EUR \/ CHF \/ DKK \/ GBP \/ NOK \/ SEK\r <\/li><li>Notifiche Email personalizzate\r <\/li><li>Date di Iscrizione (inizio\/fine) <\/li><\/ul><div class=\"content-button\"><a href=\"https:\/\/registered.store\/welcome\/it\/promoter-faq\/\">Leggi le FAQ<\/a><\/div>\n<\/div>\n<\/div><\/div><\/div><\/div><\/div><\/div><\/div><\/section><section id=\"community\" class=\"kc-elm kc-css-428953 kc_row\"><div class=\"kc-row-container  kc-container\"><div class=\"kc-wrap-columns\"><div class=\"kc-elm kc-css-153182 kc_col-sm-12 kc_column kc_col-sm-12\"><div class=\"kc-col-container\">\n<div class=\"kc-elm kc-css-468747 kc-title-wrap \">\n\n\t<h4 class=\"kc_title\">Entra nella community di eventi che utilizzano Registered\u00ae<\/h4>\n<\/div>\n\n<div class=\"kc-elm kc-css-901191 divider_line\">\n\t<div class=\"divider_inner divider_line2\">\n\t\t<i class=\"fa-star\"><\/i>\t<\/div>\n<\/div>\n<div class=\"kc-elm kc-css-60302 kc_row kc_row_inner\"><div class=\"kc-elm kc-css-478737 kc_col-of-5 kc_column_inner kc_col-of-5\"><div class=\"kc_wrapper kc-col-inner-container\"><div class=\"kc-elm kc-css-309398 kc_shortcode kc_single_image\">\n\n        <img decoding=\"async\" src=\"https:\/\/registered.store\/welcome\/wp-content\/uploads\/2020\/04\/customer-bboychapter.jpg\" class=\"\" alt=\"\" \/>    <\/div>\n<\/div><\/div><div class=\"kc-elm kc-css-1099 kc_col-of-5 kc_column_inner kc_col-of-5\"><div class=\"kc_wrapper kc-col-inner-container\"><div class=\"kc-elm kc-css-185106 kc_shortcode kc_single_image\">\n\n        <img decoding=\"async\" src=\"https:\/\/registered.store\/welcome\/wp-content\/uploads\/2020\/04\/customer-hhi.jpg\" class=\"\" alt=\"\" \/>    <\/div>\n<\/div><\/div><div class=\"kc-elm kc-css-200931 kc_col-of-5 kc_column_inner kc_col-of-5\"><div class=\"kc_wrapper kc-col-inner-container\"><div class=\"kc-elm kc-css-129955 kc_shortcode kc_single_image\">\n\n        <img decoding=\"async\" src=\"https:\/\/registered.store\/welcome\/wp-content\/uploads\/2020\/04\/customer-boty.jpg\" class=\"\" alt=\"\" \/>    <\/div>\n<\/div><\/div><div class=\"kc-elm kc-css-953098 kc_col-of-5 kc_column_inner kc_col-of-5\"><div class=\"kc_wrapper kc-col-inner-container\"><div class=\"kc-elm kc-css-305532 kc_shortcode kc_single_image\">\n\n        <img decoding=\"async\" src=\"https:\/\/registered.store\/welcome\/wp-content\/uploads\/2020\/04\/customer-hha2.jpg\" class=\"\" alt=\"\" \/>    <\/div>\n<\/div><\/div><div class=\"kc-elm kc-css-947071 kc_col-of-5 kc_column_inner kc_col-of-5\"><div class=\"kc_wrapper kc-col-inner-container\"><div class=\"kc-elm kc-css-193178 kc_shortcode kc_single_image\">\n\n        <img decoding=\"async\" src=\"https:\/\/registered.store\/welcome\/wp-content\/uploads\/2020\/04\/customer-kidzoftheyear.jpg\" class=\"\" alt=\"\" \/>    <\/div>\n<\/div><\/div><\/div><\/div><\/div><\/div><\/div><\/section><section id=\"call-to-action\" class=\"kc-elm kc-css-87176 kc_row\"><div class=\"kc-row-container  kc-container\"><div class=\"kc-wrap-columns\"><div class=\"kc-elm kc-css-91046 kc_col-sm-12 kc_column kc_col-sm-12\"><div class=\"kc-col-container\"><div class=\"kc-elm kc-css-701192\" style=\"height: 80px; clear: both; width:100%;\"><\/div><div class=\"kc-elm kc-css-115293 kc_shortcode kc_single_image\">\n\n        <img decoding=\"async\" src=\"https:\/\/registered.store\/welcome\/wp-content\/uploads\/2018\/01\/114.png\" class=\"\" alt=\"\" \/>    <\/div>\n\n<div class=\"kc-elm kc-css-875406 kc-title-wrap \">\n\n\t<h2 class=\"kc_title\">Fai acquistare online le tue attivit\u00e0!<\/h2>\n<\/div>\n<div class=\"kc-elm kc-css-699764 kc_text_block\"><p style=\"text-align: center;\">Crea un account ed inizia a raccogliere iscrizioni e pagamenti in pochi minuti.<\/p>\n<\/div><div class=\"kc-elm kc-css-563408 kc_row kc_row_inner\"><div class=\"kc-elm kc-css-193117 kc_col-sm-4 kc_column_inner kc_col-sm-4\"><div class=\"kc_wrapper kc-col-inner-container\"><\/div><\/div><div class=\"kc-elm kc-css-35922 kc_col-sm-4 kc_column_inner kc_col-sm-4\"><div class=\"kc_wrapper kc-col-inner-container\">\n<div class=\"kc-elm kc-css-892762\">\n\t<a class=\"kc_button\" href=\"https:\/\/registered.store\/admin\/it\/register-promoter\" target=\"_self\" title=\"\" onclick=\"\">\n\t\tInizia ora\t<\/a>\n<\/div>\n<\/div><\/div><div class=\"kc-elm kc-css-169997 kc_col-sm-4 kc_column_inner kc_col-sm-4\"><div class=\"kc_wrapper kc-col-inner-container\"><\/div><\/div><\/div><\/div><\/div><\/div><\/div><\/section>\n","protected":false},"excerpt":{"rendered":"","protected":false},"author":1,"featured_media":0,"parent":0,"menu_order":0,"comment_status":"closed","ping_status":"closed","template":"","meta":{"inline_featured_image":false,"_exactmetrics_skip_tracking":false,"_exactmetrics_sitenote_active":false,"_exactmetrics_sitenote_note":"","_exactmetrics_sitenote_category":0,"footnotes":""},"class_list":["post-2529","page","type-page","status-publish","hentry"],"_links":{"self":[{"href":"https:\/\/registered.store\/welcome\/wp-json\/wp\/v2\/pages\/2529","targetHints":{"allow":["GET"]}}],"collection":[{"href":"https:\/\/registered.store\/welcome\/wp-json\/wp\/v2\/pages"}],"about":[{"href":"https:\/\/registered.store\/welcome\/wp-json\/wp\/v2\/types\/page"}],"author":[{"embeddable":true,"href":"https:\/\/registered.store\/welcome\/wp-json\/wp\/v2\/users\/1"}],"replies":[{"embeddable":true,"href":"https:\/\/registered.store\/welcome\/wp-json\/wp\/v2\/comments?post=2529"}],"version-history":[{"count":8,"href":"https:\/\/registered.store\/welcome\/wp-json\/wp\/v2\/pages\/2529\/revisions"}],"predecessor-version":[{"id":2565,"href":"https:\/\/registered.store\/welcome\/wp-json\/wp\/v2\/pages\/2529\/revisions\/2565"}],"wp:attachment":[{"href":"https:\/\/registered.store\/welcome\/wp-json\/wp\/v2\/media?parent=2529"}],"curies":[{"name":"wp","href":"https:\/\/api.w.org\/{rel}","templated":true}]}}