{"id":1806,"date":"2020-04-30T15:32:36","date_gmt":"2020-04-30T14:32:36","guid":{"rendered":"http:\/\/registered.store\/welcome\/?page_id=1806"},"modified":"2025-09-01T22:41:24","modified_gmt":"2025-09-01T20:41:24","slug":"danza","status":"publish","type":"page","link":"https:\/\/registered.store\/welcome\/it\/danza\/","title":{"rendered":"Danza"},"content":{"rendered":"<section id=\"dance-header-new\" class=\"kc-elm kc-css-736257 kc_row\"><div class=\"kc-row-container  kc-container\"><div class=\"kc-wrap-columns\"><div class=\"kc-elm kc-css-353948 kc_col-sm-5 kc_column kc_col-sm-5\"><div class=\"kc-col-container\">\n<div class=\"kc-elm kc-css-26456 kc-title-wrap \">\n\n\t<h3 class=\"kc_title\">Inserisci concorsi, workshop, battles e permetti alla dance community di acquistare online!<\/h3>\n<\/div>\n<div class=\"kc-elm kc-css-562995 kc_text_block\"><h6>\u2022 Pubblica un&#039;attivit\u00e0<\/h6>\n<h6>\u2022 Mettila in vendita online<\/h6>\n<h6>\u2022 Ricevi iscrizioni e pagamenti<\/h6>\n<\/div>\n<div class=\"kc-elm kc-css-269737\">\n\t<a class=\"kc_button\" href=\"https:\/\/registered.store\/admin\/it\/register-promoter\" target=\"_self\" title=\"Inizia ora\" onclick=\"\">\n\t\tInizia ora\t<\/a>\n<\/div>\n<\/div><\/div><div class=\"kc-elm kc-css-309980 kc_col-sm-7 kc_column kc_col-sm-7\"><div class=\"kc-col-container\"><div class=\"kc-elm kc-css-339932 kc_shortcode kc_single_image\">\n\n        <img decoding=\"async\" src=\"https:\/\/registered.store\/welcome\/wp-content\/uploads\/2021\/06\/rgstrd.png\" class=\"\" alt=\"\" \/>    <\/div>\n<\/div><\/div><\/div><\/div><\/section><section id=\"dance-header\" class=\"kc-elm kc-css-664298 kc_row\"><div class=\"kc-row-container  kc-container\"><div class=\"kc-wrap-columns\"><div class=\"kc-elm kc-css-290582 kc_col-sm-6 kc_column kc_col-sm-6\"><div class=\"kc-col-container\"><div class=\"kc-elm kc-css-525902 kc-icon-wrapper\">\n\t\t<i class=\"sl-star\"><\/i>\n\t<\/div>\n\n<div class=\"kc-elm kc-css-260259 kc-title-wrap \">\n\n\t<h2 class=\"kc_title\">Promuovi le tue attivit\u00e0 nella dance community e permetti a tutti di acquistare subito!<\/h2>\n<\/div>\n\n<div class=\"kc-elm kc-css-519736 kc-title-wrap \">\n\n\t<h5 class=\"kc_title\">Rendi le tue attivit\u00e0 di danza semplici da acquistare per studenti e professionisti.<\/h5>\n<\/div>\n<div class=\"kc-elm kc-css-796569\" style=\"height: 20px; clear: both; width:100%;\"><\/div>\n<div class=\"kc-elm kc-css-995108\">\n\t<a class=\"kc_button\" href=\"https:\/\/registered.store\/admin\/it\/register-promoter\" target=\"_self\" title=\"Start now\" onclick=\"\">\n\t\tInizia ora\t<\/a>\n<\/div>\n<\/div><\/div><div class=\"kc-elm kc-css-828941 kc_col-sm-6 kc_column kc_col-sm-6\"><div class=\"kc-col-container\"><\/div><\/div><\/div><\/div><\/section><section id=\"attivit%C3%A0\" class=\"kc-elm kc-css-709749 kc_row\"><div class=\"kc-row-container  kc-container\"><div class=\"kc-wrap-columns\"><div class=\"kc-elm kc-css-154000 kc_col-sm-12 kc_column kc_col-sm-12\"><div class=\"kc-col-container\">\n<div class=\"kc-elm kc-css-547141 kc-title-wrap \">\n\n\t<h2 class=\"kc_title\">Attivit\u00e0<\/h2>\n<\/div>\n<div class=\"kc-elm kc-css-98004 kc_text_block\"><p class=\"p1\" style=\"text-align: center;\">Gestisci le tipologie di attivit\u00e0 pi\u00f9 diffuse nella dance community, per singoli e gruppi.<\/p>\n<\/div><div class=\"kc-elm kc-css-375951 kc_row kc_row_inner\"><div class=\"kc-elm kc-css-207617 kc_col-sm-4 kc_column_inner kc_col-sm-4\"><div class=\"kc_wrapper kc-col-inner-container\"><div class=\"kc-elm kc-css-186191 kc-feature-boxes kc-fb-layout-3\">\n\n\t<div class=\"content-icon\"><i class=\"pe-7s-medal\"><\/i><\/div><div class=\"box-right\"><div class=\"content-desc\">Concorsi<\/div><\/div>\n<\/div>\n<div class=\"kc-elm kc-css-939220 kc-feature-boxes kc-fb-layout-3\">\n\n\t<div class=\"content-icon\"><i class=\"pe-7s-ticket\"><\/i><\/div><div class=\"box-right\"><div class=\"content-desc\">Masterclass<\/div><\/div>\n<\/div>\n<\/div><\/div><div class=\"kc-elm kc-css-986120 kc_col-sm-4 kc_column_inner kc_col-sm-4\"><div class=\"kc_wrapper kc-col-inner-container\"><div class=\"kc-elm kc-css-313720 kc-feature-boxes kc-fb-layout-3\">\n\n\t<div class=\"content-icon\"><i class=\"pe-7s-bookmarks\"><\/i><\/div><div class=\"box-right\"><div class=\"content-desc\">Workshop<\/div><\/div>\n<\/div>\n<div class=\"kc-elm kc-css-712842 kc-feature-boxes kc-fb-layout-3\">\n\n\t<div class=\"content-icon\"><i class=\"pe-7s-sun\"><\/i><\/div><div class=\"box-right\"><div class=\"content-desc\">Camp<\/div><\/div>\n<\/div>\n<\/div><\/div><div class=\"kc-elm kc-css-992735 kc_col-sm-4 kc_column_inner kc_col-sm-4\"><div class=\"kc_wrapper kc-col-inner-container\"><div class=\"kc-elm kc-css-582977 kc-feature-boxes kc-fb-layout-3\">\n\n\t<div class=\"content-icon\"><i class=\"pe-7s-gleam\"><\/i><\/div><div class=\"box-right\"><div class=\"content-desc\">Battles<\/div><\/div>\n<\/div>\n<div class=\"kc-elm kc-css-267261 kc-feature-boxes kc-fb-layout-3\">\n\n\t<div class=\"content-icon\"><i class=\"pe-7s-date\"><\/i><\/div><div class=\"box-right\"><div class=\"content-desc\">Stage<\/div><\/div>\n<\/div>\n<\/div><\/div><\/div><\/div><\/div><\/div><\/div><\/section><section id=\"impostazioni\" class=\"kc-elm kc-css-265366 kc_row\"><div class=\"kc-row-container  kc-container\"><div class=\"kc-wrap-columns\"><div class=\"kc-elm kc-css-580039 kc_col-sm-12 kc_column kc_col-sm-12\"><div class=\"kc-col-container\">\n<div class=\"kc-elm kc-css-313429 kc-title-wrap \">\n\n\t<h2 class=\"kc_title\">Impostazioni personalizzate<\/h2>\n<\/div>\n<div class=\"kc-elm kc-css-617121 kc_text_block\"><p style=\"text-align: center;\">Tante opzioni per personalizzare le tue attivit\u00e0 e farle acquistare in modo semplice.<\/p>\n<\/div><div class=\"kc-elm kc-css-376990 kc_row kc_row_inner\"><div class=\"kc-elm kc-css-208359 kc_col-sm-3 kc_column_inner kc_col-sm-3\"><div class=\"kc_wrapper kc-col-inner-container\"><div class=\"kc-elm kc-css-800317 kc-icon-wrapper\">\n\t\t<i class=\"icon-basic-flag2\"><\/i>\n\t<\/div>\n<div class=\"kc-elm kc-css-910683 kc_text_block\"><h5><strong>Account<\/strong><\/h5>\n<p>Inserisci dettagli e documenti della tua attivit\u00e0 professionale. Scegli le tue preferenze di pagamento per garantire transazioni sicure e indirizzare gli importi delle iscrizioni sul tuo conto.<\/p>\n<\/div><\/div><\/div><div class=\"kc-elm kc-css-742837 kc_col-sm-3 kc_column_inner kc_col-sm-3\"><div class=\"kc_wrapper kc-col-inner-container\"><div class=\"kc-elm kc-css-62197 kc-icon-wrapper\">\n\t\t<i class=\"icon-basic-calendar\"><\/i>\n\t<\/div>\n<div class=\"kc-elm kc-css-48706 kc_text_block\"><h5><strong>Info Evento<\/strong><\/h5>\n<p>Inserisci le informazioni del tuo evento: data, orario, luogo, location. Personalizza il link della pagina e condividilo per indirizzare partecipanti ai tuoi moduli di iscrizione e pagamento.<\/p>\n<\/div><\/div><\/div><div class=\"kc-elm kc-css-548544 kc_col-sm-3 kc_column_inner kc_col-sm-3\"><div class=\"kc_wrapper kc-col-inner-container\"><div class=\"kc-elm kc-css-171237 kc-icon-wrapper\">\n\t\t<i class=\"icon-basic-sheet-pencil\"><\/i>\n\t<\/div>\n<div class=\"kc-elm kc-css-447493 kc_text_block\"><h5><strong>Moduli di Iscrizione<\/strong><\/h5>\n<p>Crea tutti i moduli di iscrizione che ti occorrono in base alle opzioni di iscrizione per la tua attivit\u00e0: puoi differenziare la partecipazione, ad esempio, per categoria di et\u00e0, stile di danza o livello di esperienza.<\/p>\n<\/div><\/div><\/div><div class=\"kc-elm kc-css-614737 kc_col-sm-3 kc_column_inner kc_col-sm-3\"><div class=\"kc_wrapper kc-col-inner-container\"><div class=\"kc-elm kc-css-949214 kc-icon-wrapper\">\n\t\t<i class=\"pe-7s-users\"><\/i>\n\t<\/div>\n<div class=\"kc-elm kc-css-888925 kc_text_block\"><h5><strong>Info Partecipanti<\/strong><\/h5>\n<p>Conferma le informazioni personali che vuoi ricevere dai danzatori individuali o dai componenti di un gruppo o crew. Puoi anche definire il numero minimo e massimo di componenti di un gruppo o crew.<\/p>\n<\/div><\/div><\/div><\/div><div class=\"kc-elm kc-css-627120 kc_row kc_row_inner\"><div class=\"kc-elm kc-css-878005 kc_col-sm-3 kc_column_inner kc_col-sm-3\"><div class=\"kc_wrapper kc-col-inner-container\"><div class=\"kc-elm kc-css-816811 kc-icon-wrapper\">\n\t\t<i class=\"icon-basic-exclamation\"><\/i>\n\t<\/div>\n<div class=\"kc-elm kc-css-696927 kc_text_block\"><h5><strong>Requisiti di Et\u00e0<\/strong><\/h5>\n<p>Specifica i requisiti di et\u00e0 per le tue attivit\u00e0. Ad esempio puoi restringere la partecipazione ad un concorso ad et\u00e0 specifiche o lasciare questo parametro aperto se non ci sono restrizioni.<\/p>\n<\/div><\/div><\/div><div class=\"kc-elm kc-css-679192 kc_col-sm-3 kc_column_inner kc_col-sm-3\"><div class=\"kc_wrapper kc-col-inner-container\"><div class=\"kc-elm kc-css-776807 kc-icon-wrapper\">\n\t\t<i class=\"icon-ecommerce-wallet\"><\/i>\n\t<\/div>\n<div class=\"kc-elm kc-css-839701 kc_text_block\"><h5><strong>Opzioni di Pagamento<\/strong><\/h5>\n<p>Richiedi una tariffa fissa a persona, offri prezzi progressivi per data o crea codici sconto per attirare partecipanti! Per gruppi e crew puoi inoltre offrire una tariffa di gruppo o determinare il totale in base al numero dei componenti.<\/p>\n<\/div><\/div><\/div><div class=\"kc-elm kc-css-970309 kc_col-sm-3 kc_column_inner kc_col-sm-3\"><div class=\"kc_wrapper kc-col-inner-container\"><div class=\"kc-elm kc-css-807030 kc-icon-wrapper\">\n\t\t<i class=\"icon-basic-mail\"><\/i>\n\t<\/div>\n<div class=\"kc-elm kc-css-594256 kc_text_block\"><h5><strong>Notifiche Email<\/strong><\/h5>\n<p>Personalizza il contenuto nelle notifiche email e condividi informazioni utili con i partecipanti, come ad esempio documentazione aggiuntiva oppure il link ad un indirizzo web per partecipare ad un evento online.<\/p>\n<\/div><\/div><\/div><div class=\"kc-elm kc-css-688338 kc_col-sm-3 kc_column_inner kc_col-sm-3\"><div class=\"kc_wrapper kc-col-inner-container\"><div class=\"kc-elm kc-css-507134 kc-icon-wrapper\">\n\t\t<i class=\"icon-basic-lock\"><\/i>\n\t<\/div>\n<div class=\"kc-elm kc-css-476800 kc_text_block\"><h5><strong>Trattamento Dati<\/strong><\/h5>\n<p>I dati dei partecipanti sono sotto il tuo controllo ed il Promoter \u00e8 l\u2019unico titolare del trattamento dei dati. Registered\u00ae opera in qualit\u00e0 di elaboratore dei dati, aiutando i Promoter nella raccolta dei dati in linea con la regolamentazione GDPR.<\/p>\n<\/div><\/div><\/div><\/div><\/div><\/div><\/div><\/div><\/section><section id=\"form\" class=\"kc-elm kc-css-809575 kc_row\"><div class=\"kc-row-container  kc-container\"><div class=\"kc-wrap-columns\"><div class=\"kc-elm kc-css-846926 kc_col-sm-12 kc_column kc_col-sm-12\"><div class=\"kc-col-container\">\n<div class=\"kc-elm kc-css-453379 kc-title-wrap \">\n\n\t<h2 class=\"kc_title\">Iscrizioni semplici<\/h2>\n<\/div>\n<div class=\"kc-elm kc-css-730798 kc_text_block\"><p class=\"p1\" style=\"text-align: center;\">Moduli per iscrizioni Individuali, Gruppi e Team.<\/p>\n<\/div><div class=\"kc-elm kc-css-305602\" style=\"height: 20px; clear: both; width:100%;\"><\/div><div class=\"kc-elm kc-css-798083 kc_row kc_row_inner\"><div class=\"kc-elm kc-css-236984 kc_col-sm-6 kc_column_inner kc_col-sm-6\"><div class=\"kc_wrapper kc-col-inner-container\">\n<div class=\"kc-elm kc-css-355071 kc-pricing-tables kc-pricing-layout-4\">\n\n\t<div class=\"header-pricing\"><div class=\"content-icon-header\"><i class=\"sl-user\"><\/i><\/div><div class=\"content-title\"><div>Individuale<\/div><div class=\"content-sub-title\">Gestisci iscrizioni da parte di singoli per competizioni o attivit\u00e0 formative come classi, workshop, camp o corsi.<\/div><\/div><div class=\"kc-pricing-price\"><\/div><\/div><ul class=\"content-desc\"><li>Info Partecipante\r <\/li><li>Nickname\r <\/li><li>Info Referente\/Genitore\r <\/li><li>-\r <\/li><li>Et\u00e0 del Partecipante (min\/max)\r <\/li><li>-\r <\/li><li>Codice Fiscale\r <\/li><li>Affiliazione Sportiva\r <\/li><li>Tariffa di Iscrizione Individuale\r <\/li><li>Accetta il Regolamento\r <\/li><li>Accetta la Privacy Policy\r <\/li><li>Tariffa di iscrizione per data\r <\/li><li>Codici Sconto\r <\/li><li>Pagamenti con Visa \/ Mastercard\r <\/li><li>EUR \/ CHF \/ DKK \/ GBP \/ NOK \/ SEK\r <\/li><li>Notifiche Email personalizzate\r <\/li><li>Date di Iscrizione (inizio\/fine) <\/li><\/ul><div class=\"content-button\"><a href=\"https:\/\/registered.store\/welcome\/it\/promoter-faq\/\">Leggi le FAQ<\/a><\/div>\n<\/div>\n<\/div><\/div><div class=\"kc-elm kc-css-114247 kc_col-sm-6 kc_column_inner kc_col-sm-6\"><div class=\"kc_wrapper kc-col-inner-container\">\n<div class=\"kc-elm kc-css-876266 kc-pricing-tables kc-pricing-layout-4\">\n\n\t<div class=\"header-pricing\"><div class=\"content-icon-header\"><i class=\"sl-people\"><\/i><\/div><div class=\"content-title\"><div>Gruppi & Team<\/div><div class=\"content-sub-title\">Ottieni iscrizioni da parte di Gruppi o Team per competizioni, tornei e gare di tipo sportivo o artistico.<\/div><\/div><div class=\"kc-pricing-price\"><\/div><\/div><ul class=\"content-desc\"><li>Info dei componenti del Team\r <\/li><li>-\r <\/li><li>Info del Referente del Team\r <\/li><li>Nome del Team\r <\/li><li>Et\u00e0 dei Componenti (min\/max)\r <\/li><li>Numero dei Componenti (min\/max)\r <\/li><li>Codice Fiscale\r <\/li><li>Affiliazione Sportiva\r <\/li><li>Tariffa di Iscrizione a Persona o di Gruppo\r <\/li><li>Accetta il Regolamento\r <\/li><li>Accetta la Privacy Policy\r <\/li><li>Tariffa di iscrizione per data\r <\/li><li>Codici Sconto\r <\/li><li>Pagamenti con Visa \/ Mastercard\r <\/li><li>EUR \/ CHF \/ DKK \/ GBP \/ NOK \/ SEK\r <\/li><li>Notifiche Email personalizzate\r <\/li><li>Date di Iscrizione (inizio\/fine) <\/li><\/ul><div class=\"content-button\"><a href=\"https:\/\/registered.store\/welcome\/it\/promoter-faq\/\">Leggi le FAQ<\/a><\/div>\n<\/div>\n<\/div><\/div><\/div><\/div><\/div><\/div><\/div><\/section><section id=\"community\" class=\"kc-elm kc-css-678014 kc_row\"><div class=\"kc-row-container  kc-container\"><div class=\"kc-wrap-columns\"><div class=\"kc-elm kc-css-21164 kc_col-sm-12 kc_column kc_col-sm-12\"><div class=\"kc-col-container\">\n<div class=\"kc-elm kc-css-928762 kc-title-wrap \">\n\n\t<h4 class=\"kc_title\">Entra nella community di eventi che utilizzano Registered\u00ae<\/h4>\n<\/div>\n\n<div class=\"kc-elm kc-css-971108 divider_line\">\n\t<div class=\"divider_inner divider_line2\">\n\t\t<i class=\"fa-star\"><\/i>\t<\/div>\n<\/div>\n<div class=\"kc-elm kc-css-68943 kc_row kc_row_inner\"><div class=\"kc-elm kc-css-428445 kc_col-of-5 kc_column_inner kc_col-of-5\"><div class=\"kc_wrapper kc-col-inner-container\"><div class=\"kc-elm kc-css-718403 kc_shortcode kc_single_image\">\n\n        <img decoding=\"async\" src=\"https:\/\/registered.store\/welcome\/wp-content\/uploads\/2020\/04\/customer-bboychapter.jpg\" class=\"\" alt=\"\" \/>    <\/div>\n<div class=\"kc-elm kc-css-226164 kc_shortcode kc_single_image\">\n\n        <img decoding=\"async\" src=\"https:\/\/registered.store\/welcome\/wp-content\/uploads\/2025\/09\/customer-hhi-sui.jpg\" class=\"\" alt=\"\" \/>    <\/div>\n<\/div><\/div><div class=\"kc-elm kc-css-950520 kc_col-of-5 kc_column_inner kc_col-of-5\"><div class=\"kc_wrapper kc-col-inner-container\"><div class=\"kc-elm kc-css-595536 kc_shortcode kc_single_image\">\n\n        <img decoding=\"async\" src=\"https:\/\/registered.store\/welcome\/wp-content\/uploads\/2020\/04\/customer-hhi.jpg\" class=\"\" alt=\"\" \/>    <\/div>\n<div class=\"kc-elm kc-css-16188 kc_shortcode kc_single_image\">\n\n        <img decoding=\"async\" src=\"https:\/\/registered.store\/welcome\/wp-content\/uploads\/2025\/09\/customer-wbc.jpg\" class=\"\" alt=\"\" \/>    <\/div>\n<\/div><\/div><div class=\"kc-elm kc-css-454816 kc_col-of-5 kc_column_inner kc_col-of-5\"><div class=\"kc_wrapper kc-col-inner-container\"><div class=\"kc-elm kc-css-876766 kc_shortcode kc_single_image\">\n\n        <img decoding=\"async\" src=\"https:\/\/registered.store\/welcome\/wp-content\/uploads\/2020\/04\/customer-boty.jpg\" class=\"\" alt=\"\" \/>    <\/div>\n<div class=\"kc-elm kc-css-637632 kc_shortcode kc_single_image\">\n\n        <img decoding=\"async\" src=\"https:\/\/registered.store\/welcome\/wp-content\/uploads\/2025\/09\/customer-sayoh.jpg\" class=\"\" alt=\"\" \/>    <\/div>\n<\/div><\/div><div class=\"kc-elm kc-css-731099 kc_col-of-5 kc_column_inner kc_col-of-5\"><div class=\"kc_wrapper kc-col-inner-container\"><div class=\"kc-elm kc-css-95287 kc_shortcode kc_single_image\">\n\n        <img decoding=\"async\" src=\"https:\/\/registered.store\/welcome\/wp-content\/uploads\/2020\/04\/customer-hha2.jpg\" class=\"\" alt=\"\" \/>    <\/div>\n<div class=\"kc-elm kc-css-605078 kc_shortcode kc_single_image\">\n\n        <img decoding=\"async\" src=\"https:\/\/registered.store\/welcome\/wp-content\/uploads\/2025\/09\/customer-hhi-uk.jpg\" class=\"\" alt=\"\" \/>    <\/div>\n<\/div><\/div><div class=\"kc-elm kc-css-48835 kc_col-of-5 kc_column_inner kc_col-of-5\"><div class=\"kc_wrapper kc-col-inner-container\"><div class=\"kc-elm kc-css-67915 kc_shortcode kc_single_image\">\n\n        <img decoding=\"async\" src=\"https:\/\/registered.store\/welcome\/wp-content\/uploads\/2020\/04\/customer-kidzoftheyear.jpg\" class=\"\" alt=\"\" \/>    <\/div>\n<div class=\"kc-elm kc-css-435610 kc_shortcode kc_single_image\">\n\n        <img decoding=\"async\" src=\"https:\/\/registered.store\/welcome\/wp-content\/uploads\/2025\/09\/customer-dir.jpg\" class=\"\" alt=\"\" \/>    <\/div>\n<\/div><\/div><\/div><\/div><\/div><\/div><\/div><\/section><section id=\"call-to-action\" class=\"kc-elm kc-css-310195 kc_row\"><div class=\"kc-row-container  kc-container\"><div class=\"kc-wrap-columns\"><div class=\"kc-elm kc-css-791259 kc_col-sm-12 kc_column kc_col-sm-12\"><div class=\"kc-col-container\"><div class=\"kc-elm kc-css-955818\" style=\"height: 80px; clear: both; width:100%;\"><\/div><div class=\"kc-elm kc-css-825762 kc_shortcode kc_single_image\">\n\n        <img decoding=\"async\" src=\"https:\/\/registered.store\/welcome\/wp-content\/uploads\/2018\/01\/114.png\" class=\"\" alt=\"\" \/>    <\/div>\n\n<div class=\"kc-elm kc-css-807281 kc-title-wrap \">\n\n\t<h2 class=\"kc_title\">Fai acquistare online le tue attivit\u00e0!<\/h2>\n<\/div>\n<div class=\"kc-elm kc-css-313261 kc_text_block\"><p style=\"text-align: center;\">Crea un account ed inizia a raccogliere iscrizioni e pagamenti in pochi minuti.<\/p>\n<\/div><div class=\"kc-elm kc-css-671755 kc_row kc_row_inner\"><div class=\"kc-elm kc-css-156031 kc_col-sm-4 kc_column_inner kc_col-sm-4\"><div class=\"kc_wrapper kc-col-inner-container\"><\/div><\/div><div class=\"kc-elm kc-css-403279 kc_col-sm-4 kc_column_inner kc_col-sm-4\"><div class=\"kc_wrapper kc-col-inner-container\">\n<div class=\"kc-elm kc-css-157164\">\n\t<a class=\"kc_button\" href=\"https:\/\/registered.store\/admin\/it\/register-promoter\" target=\"_self\" title=\"\" onclick=\"\">\n\t\tInizia ora\t<\/a>\n<\/div>\n<\/div><\/div><div class=\"kc-elm kc-css-781684 kc_col-sm-4 kc_column_inner kc_col-sm-4\"><div class=\"kc_wrapper kc-col-inner-container\"><\/div><\/div><\/div><\/div><\/div><\/div><\/div><\/section>\n","protected":false},"excerpt":{"rendered":"","protected":false},"author":1,"featured_media":0,"parent":0,"menu_order":0,"comment_status":"closed","ping_status":"closed","template":"","meta":{"inline_featured_image":false,"_exactmetrics_skip_tracking":false,"_exactmetrics_sitenote_active":false,"_exactmetrics_sitenote_note":"","_exactmetrics_sitenote_category":0,"footnotes":""},"class_list":["post-1806","page","type-page","status-publish","hentry"],"_links":{"self":[{"href":"https:\/\/registered.store\/welcome\/wp-json\/wp\/v2\/pages\/1806","targetHints":{"allow":["GET"]}}],"collection":[{"href":"https:\/\/registered.store\/welcome\/wp-json\/wp\/v2\/pages"}],"about":[{"href":"https:\/\/registered.store\/welcome\/wp-json\/wp\/v2\/types\/page"}],"author":[{"embeddable":true,"href":"https:\/\/registered.store\/welcome\/wp-json\/wp\/v2\/users\/1"}],"replies":[{"embeddable":true,"href":"https:\/\/registered.store\/welcome\/wp-json\/wp\/v2\/comments?post=1806"}],"version-history":[{"count":47,"href":"https:\/\/registered.store\/welcome\/wp-json\/wp\/v2\/pages\/1806\/revisions"}],"predecessor-version":[{"id":3303,"href":"https:\/\/registered.store\/welcome\/wp-json\/wp\/v2\/pages\/1806\/revisions\/3303"}],"wp:attachment":[{"href":"https:\/\/registered.store\/welcome\/wp-json\/wp\/v2\/media?parent=1806"}],"curies":[{"name":"wp","href":"https:\/\/api.w.org\/{rel}","templated":true}]}}