{"id":1295,"date":"2019-05-21T15:29:59","date_gmt":"2019-05-21T15:29:59","guid":{"rendered":"http:\/\/registered.store\/welcome\/?page_id=1295"},"modified":"2020-10-26T14:17:04","modified_gmt":"2020-10-26T13:17:04","slug":"informativa-privacy","status":"publish","type":"page","link":"https:\/\/registered.store\/welcome\/it\/informativa-privacy\/","title":{"rendered":"Informativa Privacy"},"content":{"rendered":"<div class=\"modal-header\">\n<h5 id=\"exampleModalLongTitle\" class=\"modal-title\">INFORMATIVA SUL TRATTAMENTO DEI DATI PERSONALI AI SENSI DELL&#8217;ARTICOLO 13 DEL REGOAMENTO EU 2016\/679<\/h5>\n<\/div>\n<div class=\"modal-body\">\n<div class=\"privacyFile\">\n<h4>INFORMATIVA SUL TRATTAMENTO DEI DATI PERSONALI AI SENSI DELL&#8217;ARTICOLO 13 DEL REGOAMENTO EU 2016\/679<\/h4>\n<h4>IDENTITA&#8217; E DATI DI CONTATTO DEL TITOLARE<\/h4>\n<p><b>Identit\u00e0<\/b>: Registered S.r.l.<br \/>\n<b>Indirizzo<\/b>: Via Giovanni Paisiello 12, 00198 Roma, Italia<br \/>\n<b>Indirizzo di posta elettronica<\/b>:\u00a0<a href=\"https:\/\/www.registered.store\/it\/event\/privacy@registered.store\">privacy@registered.store<\/a><\/p>\n<h4>FINALITA&#8217; DEL TRATTAMENTO<\/h4>\n<p><b>a. Finalit\u00e0 Contrattuale<\/b><\/p>\n<p>Tratteremo i tuoi dati personali per finalit\u00e0 contrattuali. Il trattamento dei dati sar\u00e0 quindi necessario per fornirti i servizi richiesti. I dati personali saranno raccolti attraverso i moduli di contatto e registrazione disponibili sul sito web. In particolare i dati personali saranno trattati al fine di:<\/p>\n<ul>\n<li>creare un account;<\/li>\n<li>iscriversi ad una o pi\u00f9 attivit\u00e0;<\/li>\n<li>consentirti di utilizzare il sito web ed i servizi;<\/li>\n<li>rispondere alle tue eventuali domande di chiarimento sui servizi;<\/li>\n<\/ul>\n<p><b>b. Finalit\u00e0 di marketing<\/b><\/p>\n<p>Tratteremo i tuoi dati personali per finalit\u00e0 di marketing diretto (analisi di mercato, comunicazioni commerciali). Tale trattamento avverr\u00e0 in conformit\u00e0 al regolamento privacy UE 2016\/679 e alla direttiva 2002\/58\/CE. Potrai chiedere di non ricevere questo tipo di comunicazioni in qualsiasi momento effettuando l\u2019opt-out tramite il link presente in ciascuna e-mail oppure contattandoci al seguente indirizzo e-mail\u00a0<a href=\"mailto:privacy@registered.store\">privacy@registered.store<\/a><\/p>\n<p><b>c. Finalit\u00e0 di marketing indiretto<\/b><\/p>\n<p>Con il tuo consenso, i dati personali saranno comunicati agli organizzatori delle attivit\u00e0 per loro finalit\u00e0 commerciali e di marketing (analisi di mercato, invio di comunicazioni commerciali) in particolare per informarti rispetto alle loro iniziative e nuove attivit\u00e0. Potrai revocare il consenso in qualsiasi momento effettuando l\u2019opt-out tramite il link presente in ciascuna e-mail oppure contattando direttamente l\u2019organizzatore.<\/p>\n<h4>BASE GIURIDICA DEL TRATTAMENTO<\/h4>\n<p><b>a. Trattamento dei dati per l\u2019adempimento di obblighi contrattuali<\/b><\/p>\n<p>Ai sensi del regolamento UE 2016\/679, il trattamento da noi effettuato deve sempre avere una base giuridica. Il trattamento dei Tuoi dati \u00e8 necessario per la prestazione del servizio nell\u2019ambito di un rapporto contrattuale.<br \/>\nI tuoi dati personali saranno pertanto conservati per il tempo strettamente necessario alla prestazione dei servizi e successivamente cancellati, come meglio spiegato nel capitolo \u201cCriteri per la conservazione dei dati\u201d. Il mancato conferimento comporter\u00e0 l\u2019impossibilit\u00e0 da parte nostra di prestare i servizi richiesti.<\/p>\n<p><b>b. Consenso<\/b><\/p>\n<p>Qualora non sia possibile avvalerci del legittimo interesse, chiederemo il tuo consenso per trattare i tuoi dati personali per nostre finalit\u00e0 di marketing diretto (analisi di mercato, invio di e-mail commerciali). Con il tuo consenso, i dati personali saranno inoltre comunicati agli organizzatori per loro finalit\u00e0 di marketing. Avrai sempre la possibilit\u00e0 di opporti a tale trattamento e revocare il consenso chiedendo agli organizzatori (i quali agiscono come titolari autonomi del trattamento) di non ricevere ulteriori e-mail commerciali, anche cliccando direttamente sul link di cancellazione (\u201ccancella l\u2019iscrizione\u201d) che troverai in fondo ad ogni e-mail ricevuta. In caso di revoca del consenso, il trattamento dei dati per tale finalit\u00e0 cesser\u00e0 immediatamente.<\/p>\n<p><b>c. Legittimo interesse<\/b><\/p>\n<p>In conformit\u00e0 all\u2019articolo 13 comma 2 della Direttiva 2009\/136\/CE, nonch\u00e9 in riferimento al Considerando (27) del REGOLAMENTO 2016\/679 potremo utilizzare il tuo indirizzo e-mail acquisito nel contesto di una relazione di clientela tra te e REGISTERED (ad esempio perch\u00e9 hai utilizzato i nostri servizi e concluso una transazione tramite il sito) per inviarti comunicazioni elettroniche che abbiano ad oggetto prodotti o servizi analoghi a quelli offerti in precedenza, unicamente mediante l\u2019utilizzo degli indirizzi e-mail raccolti attraverso i form online. Hai diritto, sin da ora di rifiutare tali comunicazioni in maniera gratuita inviandoci una comunicazione ad\u00a0<a href=\"mailto:privacy@registered.store\">privacy@registered.store<\/a>\u00a0nonch\u00e9 di opporti in futuro a tale trattamento chiedendo la cancellazione della tua e-mail.<\/p>\n<h4>DESTINATARI O CATEGORIE DI DESTINATARI<\/h4>\n<p>Per erogare i servizi, permetterti di utilizzare il sito e per finalit\u00e0 di marketing, potremmo condividere i tuoi dati con i seguenti destinatari.<\/p>\n<h4><b>I. Organizzatori di attivit\u00e0<\/b><\/h4>\n<p>Gli organizzatori potranno venire a conoscenza dei dati personali dei partecipanti per permettere a questi ultimi di completare la registrazione e partecipare alle attivit\u00e0. Si tratta di una comunicazione richiesta a fini contrattuali e necessaria per permettere di effettuare l\u2019iscrizione. I dati comunicati possono includere il nome, l\u2019indirizzo e-mail e i dati di contatto. Gli organizzatori che ricevono queste informazioni dovranno utilizzarli solo per scopi correlati all\u2019iscrizione all\u2019attivit\u00e0. Non dovrebbero contattare il partecipante per altri scopi incompatibili, a meno che questi non abbia prestato il suo consenso libero, specifico, informato e non ambiguo. Gli organizzatori sono titolari autonomi del trattamento in relazione a questi dati.<\/p>\n<h4><b>II. Amazon Web Services EMEA SARL<br \/>\n<\/b><\/h4>\n<p>Servizi forniti e descrizione del trattamento: Hosting. Il trattamento include l&#8217;elaborazione e la conservazione di dati personali.<\/p>\n<p>Paesi del trattamento: Europe and USA<\/p>\n<p>Privacy policy: <a href=\"https:\/\/aws.amazon.com\/it\/compliance\/gdpr-center\/\">https:\/\/aws.amazon.com\/it\/compliance\/gdpr-center\/<\/a><b><\/b><\/p>\n<h4><b>III. Message Systems Inc.<\/b><\/h4>\n<p>Servizi forniti e descrizione del trattamento: SparkPost fornisce servizi di consegna email, analisi, intelligence e altri servizi correlati.<\/p>\n<p>Paesi del trattamento: USA<\/p>\n<p>Privacy policy: <a href=\"https:\/\/www.sparkpost.com\/policies\/privacy\/\">https:\/\/www.sparkpost.com\/policies\/privacy\/<\/a><\/p>\n<h4><b>IV. Stripe, Inc &#8211; payment processing services<br \/>\n<\/b><\/h4>\n<p>Servizi forniti e descrizione del trattamento: Servizi di pagamento. Stripe opera e gestisce una piattaforma di commercio elettronico e facilita le operazioni di pagamento sulla piattaforma.<\/p>\n<p>Paesi del trattamento: Europe and USA<\/p>\n<p>Privacy policy: <a href=\"https:\/\/stripe.com\/it\/ssa#section_d\">https:\/\/stripe.com\/it\/ssa#section_d<\/a><\/p>\n<h4>TRASFERIMENTO DEI DATI IN PAESI TERZI<\/h4>\n<p>I dati personali degli interessati potranno essere trasferiti nel seguente Paese: Stati Uniti d\u2019America. Tutti i destinatari dei dati stabiliti negli Stati Uniti che riceveranno i dati personali hanno confermato il rispetto del Quadro regolamentare EU-U.S. Privacy Shield. Il trasferimento \u00e8 autorizzato dalla seguente decisione di adeguatezza approvata dalla Commissione Europea: \u201cPrivacy Shield\u201d.<\/p>\n<h4>CONTITOLARE DEL TRATTAMENTO<\/h4>\n<p>Il regolamento UE 679\/2016 prevede all\u2019articolo 26 che \u201callorch\u00e9 due o pi\u00f9 titolari del trattamento determinano congiuntamente le finalit\u00e0 e i mezzi del trattamento, essi sono contitolari del trattamento. Essi determinano in modo trasparente, mediante un accordo interno, le rispettive responsabilit\u00e0 in merito all\u2019osservanza degli obblighi derivanti dal presente regolamento, con particolare riguardo all\u2019esercizio dei diritti dell\u2019interessato, e le rispettive funzioni di comunicazione delle informazioni di cui agli articoli 13 e 14, a meno che e nella misura in cui le rispettive responsabilit\u00e0 siano determinate dal diritto dell\u2019Unione o dello Stato membro cui i titolari del trattamento sono soggetti. Il Titolare del trattamento ha stipulato un accordo di contitolarit\u00e0 con gli Organizzatori delle attivit\u00e0. Titolare e Organizzatore determinano finalit\u00e0 e modalit\u00e0 del trattamento dei dati degli interessati. Titolare ed Organizzatore determinano finalit\u00e0 e modalit\u00e0 del trattamento dei dati degli interessati. Le finalit\u00e0 sono indicate in questa informativa. L\u2019utente potr\u00e0 chiedere di conoscere il contenuto essenziale dell\u2019accordo di contitolarit\u00e0 inviando una comunicazione a\u00a0<a href=\"mailto:privacy@registered.store\">privacy@registered.store<\/a><\/p>\n<h4>CRITERI PER LA CONSERVAZIONE DEI DATI<\/h4>\n<p>Le informazioni sull\u2019account verranno conservate fino a quando non deciderai di eliminare il tuo account o fino alla scadenza del contratto o al termine del servizio. I dati personali saranno conservati solo per il tempo strettamente necessario a fornire il servizio e successivamente cancellati. Le informazioni ed i dati utilizzati per scopi di marketing saranno cancellati non appena ci chiederai di farlo, sia tramite i link di opt-out presenti nelle comunicazioni commerciali o nei pannelli di controllo, sia inviandoci una comunicazione.<\/p>\n<h4>DIRITTI DELL&#8217;INTERESSATO<\/h4>\n<p>In qualit\u00e0 di interessato del trattamento, hai il diritto di:<\/p>\n<ol>\n<li>essere informato rispetto all\u2019esistenza o meno di dati personali che ti riguardano;<\/li>\n<li>accedere ai dati personali che sono oggetto di trattamento;<\/li>\n<li>chiedere la rettifica nel caso in cui i dati che abbiamo raccolto siano inesatti o chiedere l\u2019integrazione dei dati nel caso in cui gli stessi siano incompleti;<\/li>\n<li>chiedere al Titolare la cancellazione dei dati nei casi previsti dall\u2019articolo 17 del Regolamento 2016\/679, tra cui in caso di revoca del consenso o se i dati personali trattati non sono pi\u00f9 necessari rispetto alle finalit\u00e0 per le quali sono stati raccolti o altrimenti trattati;<\/li>\n<li>ottenere la limitazione del trattamento ai sensi dell\u2019articolo 18 del Regolamento 2016\/679;<\/li>\n<li>richiedere al Titolare la portabilit\u00e0 dei tuoi dati personali e di riceverli in un formato strutturato, di uso comune e leggibile o di ottenere la trasmissione diretta dei tuoi dati personali ad un altro titolare;<\/li>\n<li>di opporti in qualsiasi momento al trattamento dei tuoi dati;<\/li>\n<li>non essere sottoposto a una decisione basata unicamente sul trattamento automatizzato, compresa la profilazione, che produca effetti giuridici che ti riguardano o che incida in modo analogo significativamente sulla tua persona.<\/li>\n<li>di proporre reclamo al Garante per la protezione dei dati personali.<\/li>\n<\/ol>\n<h4>COME ESERCITARE I TUOI DIRITTI?<\/h4>\n<p>Puoi esercitare i tuoi diritti in qualsiasi momento inviandomi un messaggio di posta elettronica al seguente indirizzo:\u00a0<a href=\"mailto:%20privacy@registered.store\">privacy@registered.store<\/a><br \/>\nAbbiamo il dovere di rispondere alle tue richieste entro un mese dal loro ricevimento. Tale termine pu\u00f2 essere prorogato di due mesi, se necessario, tenuto conto della complessit\u00e0 e del numero delle richieste ricevute. In caso di proroga verrai informato del ritardo e dei motivi.<\/p>\n<p>Nell\u2019ipotesi in cui ritenessimo di non poter dar seguito alle tue richieste, ti comunicheremo i motivi del rifiuto. In tal caso avrai comunque la possibilit\u00e0 di proporre reclamo all\u2019Autorit\u00e0 Garante per la protezione dei dati personali.<\/p>\n<hr \/>\n<p><b>Ultimo Aggiornamento: 15 Maggio 2018<\/b><\/p>\n<\/div>\n<\/div>\n","protected":false},"excerpt":{"rendered":"<p>INFORMATIVA SUL TRATTAMENTO DEI DATI PERSONALI AI SENSI DELL&#8217;ARTICOLO 13 DEL REGOAMENTO EU 2016\/679 INFORMATIVA SUL TRATTAMENTO DEI DATI PERSONALI AI SENSI DELL&#8217;ARTICOLO 13 DEL REGOAMENTO EU 2016\/679 IDENTITA&#8217; E DATI DI CONTATTO DEL TITOLARE Identit\u00e0: Registered S.r.l. Indirizzo: Via Giovanni Paisiello 12, 00198 Roma, Italia Indirizzo di posta elettronica:\u00a0privacy@registered.store FINALITA&#8217; DEL TRATTAMENTO a. Finalit\u00e0 Contrattuale Tratteremo i tuoi dati personali per finalit\u00e0 contrattuali. Il trattamento dei dati sar\u00e0 quindi necessario per fornirti i servizi richiesti. I dati personali saranno raccolti attraverso i moduli di contatto e registrazione disponibili sul sito web. In particolare i dati personali saranno trattati al fine di: creare un account; iscriversi ad una o pi\u00f9 attivit\u00e0; consentirti di utilizzare il sito web ed i servizi; rispondere alle tue eventuali domande di chiarimento sui servizi; b. Finalit\u00e0 di marketing Tratteremo i tuoi dati personali per finalit\u00e0 di marketing diretto (analisi di mercato, comunicazioni commerciali). Tale trattamento avverr\u00e0 in conformit\u00e0 al regolamento privacy UE 2016\/679 e alla direttiva 2002\/58\/CE. Potrai chiedere di non ricevere questo tipo di comunicazioni in qualsiasi momento effettuando l\u2019opt-out tramite il link presente in ciascuna e-mail oppure contattandoci al seguente indirizzo e-mail\u00a0privacy@registered.store c. Finalit\u00e0 di marketing indiretto Con il tuo consenso, i dati personali saranno comunicati agli organizzatori delle attivit\u00e0 per loro finalit\u00e0 commerciali e di marketing (analisi di mercato, invio di comunicazioni commerciali) in particolare per informarti rispetto alle loro iniziative e nuove attivit\u00e0. Potrai revocare il consenso in qualsiasi momento effettuando l\u2019opt-out tramite il link presente in ciascuna e-mail oppure contattando direttamente l\u2019organizzatore. BASE GIURIDICA DEL TRATTAMENTO a. Trattamento dei dati per l\u2019adempimento di obblighi contrattuali Ai sensi del regolamento UE 2016\/679, il trattamento da noi effettuato deve sempre avere una base giuridica. Il trattamento dei Tuoi dati \u00e8 necessario per la prestazione del servizio nell\u2019ambito di un rapporto contrattuale. I&#8230; <\/p>\n<p><a class=\"readmore\" href=\"https:\/\/registered.store\/welcome\/it\/informativa-privacy\/\">Continue Reading<\/a><\/p>\n","protected":false},"author":1,"featured_media":0,"parent":0,"menu_order":0,"comment_status":"closed","ping_status":"closed","template":"","meta":{"inline_featured_image":false,"_exactmetrics_skip_tracking":false,"_exactmetrics_sitenote_active":false,"_exactmetrics_sitenote_note":"","_exactmetrics_sitenote_category":0,"footnotes":""},"class_list":["post-1295","page","type-page","status-publish","hentry"],"_links":{"self":[{"href":"https:\/\/registered.store\/welcome\/wp-json\/wp\/v2\/pages\/1295","targetHints":{"allow":["GET"]}}],"collection":[{"href":"https:\/\/registered.store\/welcome\/wp-json\/wp\/v2\/pages"}],"about":[{"href":"https:\/\/registered.store\/welcome\/wp-json\/wp\/v2\/types\/page"}],"author":[{"embeddable":true,"href":"https:\/\/registered.store\/welcome\/wp-json\/wp\/v2\/users\/1"}],"replies":[{"embeddable":true,"href":"https:\/\/registered.store\/welcome\/wp-json\/wp\/v2\/comments?post=1295"}],"version-history":[{"count":6,"href":"https:\/\/registered.store\/welcome\/wp-json\/wp\/v2\/pages\/1295\/revisions"}],"predecessor-version":[{"id":1952,"href":"https:\/\/registered.store\/welcome\/wp-json\/wp\/v2\/pages\/1295\/revisions\/1952"}],"wp:attachment":[{"href":"https:\/\/registered.store\/welcome\/wp-json\/wp\/v2\/media?parent=1295"}],"curies":[{"name":"wp","href":"https:\/\/api.w.org\/{rel}","templated":true}]}}